{"id":1616,"date":"2014-03-27T16:43:29","date_gmt":"2014-03-27T16:43:29","guid":{"rendered":"http:\/\/www.beltex.com.ar\/?page_id=1616"},"modified":"2021-06-13T14:12:18","modified_gmt":"2021-06-13T14:12:18","slug":"empresa","status":"publish","type":"page","link":"https:\/\/www.beltex.com.ar\/de\/empresa\/","title":{"rendered":"Gesellschaft"},"content":{"rendered":"\n<p>Die Firma Beltex entstand als Textillfabrik und wurde von Herrn Santiago E. Ingratta im jahre 1948 gegr\u00fcndet.<br>Die produktion ihrer ersten Webanlagen zielte auf die Modeindustrie und den gewebten Accessoires.<br>Mit der Zeit kamen neue Webanlagen hinzu. DIe produktionskapazit\u00e4t vergr\u00f6sserte sich und es wurden neue artikel entwickelt, wie z.B schals f\u00fcr exclusive modelinien, unter lizenz von International bekannten markenzeichen. Diese neue entwicklung wurde ein grober erfolg und von vielen kunden sehr gesch\u00e4tzt.<br>Ab 1980 erwelterte Beltex Seine produktion und der export konzentrierte sich auch auf textilien f\u00fcr den komfort der flugpassagiere, wie z.B reisedecken f\u00fcr den Ulugh, feuerbest\u00e4ndige stoffe f\u00fcr die flugzeugsitze und kopfst\u00fctzen nach den normen und regelungen der FAA.<br>Design, entwicklung und produktion der von Beltex hergesteliten flugreisedecken, erhielten auf dem internationalen markt eine sehr vortelihafte bewertung und anerkennung.<br>Beltex wurde lieferant bedeutender fluglinien, wie z.B. RIO SUL, PLUNA, VARIG, NORDESTE, TAM, TRANSBRASIL, LLOYD, A\u00c9REO BOLIVIANO, LAPA, DINAR, AEROMAR, AVIACSA e AEROL\u00cdNEAS ARGENTINAS, AEROLINEAS DEL SUR.<br>Alle von Beltex hergesteliten modelle entsprechen der norm 25853b der FAA und werden zu 100% aus feuerbest\u00e4ndiger acrylfaser oder patagonischer wolle, mit einem feuerbest\u00e4ndigen verfahren hergestelit Bowie individuekk nach w\u00fcnschen unserer kunden mit gedruckten oder gestickten logotypen versehen-<\/p>\n","protected":false},"excerpt":{"rendered":"<p>Die Firma Beltex entstand als Textillfabrik und wurde von Herrn Santiago E. Ingratta im jahre 1948 gegr\u00fcndet.Die produktion ihrer ersten Webanlagen zielte auf die Modeindustrie &hellip; <\/p>\n","protected":false},"author":2,"featured_media":0,"parent":0,"menu_order":0,"comment_status":"closed","ping_status":"closed","template":"","meta":{"ngg_post_thumbnail":0,"footnotes":""},"class_list":["post-1616","page","type-page","status-publish","hentry"],"translation":{"provider":"WPGlobus","version":"3.0.0","language":"de","enabled_languages":["es","de","fr","ru","it","gb","br"],"languages":{"es":{"title":true,"content":true,"excerpt":false},"de":{"title":true,"content":true,"excerpt":false},"fr":{"title":true,"content":true,"excerpt":false},"ru":{"title":true,"content":true,"excerpt":false},"it":{"title":true,"content":true,"excerpt":false},"gb":{"title":true,"content":true,"excerpt":false},"br":{"title":true,"content":true,"excerpt":false}}},"_links":{"self":[{"href":"https:\/\/www.beltex.com.ar\/de\/wp-json\/wp\/v2\/pages\/1616","targetHints":{"allow":["GET"]}}],"collection":[{"href":"https:\/\/www.beltex.com.ar\/de\/wp-json\/wp\/v2\/pages"}],"about":[{"href":"https:\/\/www.beltex.com.ar\/de\/wp-json\/wp\/v2\/types\/page"}],"author":[{"embeddable":true,"href":"https:\/\/www.beltex.com.ar\/de\/wp-json\/wp\/v2\/users\/2"}],"replies":[{"embeddable":true,"href":"https:\/\/www.beltex.com.ar\/de\/wp-json\/wp\/v2\/comments?post=1616"}],"version-history":[{"count":21,"href":"https:\/\/www.beltex.com.ar\/de\/wp-json\/wp\/v2\/pages\/1616\/revisions"}],"predecessor-version":[{"id":5452,"href":"https:\/\/www.beltex.com.ar\/de\/wp-json\/wp\/v2\/pages\/1616\/revisions\/5452"}],"wp:attachment":[{"href":"https:\/\/www.beltex.com.ar\/de\/wp-json\/wp\/v2\/media?parent=1616"}],"curies":[{"name":"wp","href":"https:\/\/api.w.org\/{rel}","templated":true}]}}