{"id":1616,"date":"2014-03-27T16:43:29","date_gmt":"2014-03-27T16:43:29","guid":{"rendered":"http:\/\/www.beltex.com.ar\/?page_id=1616"},"modified":"2021-06-13T14:12:18","modified_gmt":"2021-06-13T14:12:18","slug":"empresa","status":"publish","type":"page","link":"https:\/\/www.beltex.com.ar\/gb\/empresa\/","title":{"rendered":"Company"},"content":{"rendered":"\n<p>Beltex was founded by Mr. Santiago E. Ingratta in 1948 as a textile and its first looms manufactures fashion products and knitted accessories.Later, the factory was furnished with new machinery, wich increased its production. New products, like scarves, were manufactured.<br>Exclusive products lines were made under license for every important International trademarks and they have proved to be very successful.<br>Since 1980 Beltex broaden its production. It began to manufacture according to the regulations of the FAA, textile products for the comfort of airline\u00b4s passengers, such a: Travel rugs, fireproof cloth for airplane seats and headrests.<br>The design, development and production of travel rugs manufactured by Beltex were favorably welcomed by the International market and the company became supplier of important Airlines like: RIO SUL, PLUNA, VARIG, NORDESTE, TAM, TRANSBRASIL, LLOYD A\u00c9REO BOLIVIANO, LAPA, DINAR, AEROMAR, AVIACSA, AEROL\u00cdNEAS ARGENTINAS &amp; AEROL\u00cdNEAS DEL SUR.<br>All the Beltex models comply with the FAA standard N\u00ac25853b. They are made of 100% fireproof acrylic fiber oro f Patagonian wool and they all incluye the logos wheter printed or embroidered.<\/p>\n","protected":false},"excerpt":{"rendered":"<p>Beltex was founded by Mr. Santiago E. Ingratta in 1948 as a textile and its first looms manufactures fashion products and knitted accessories.Later, the factory &hellip; <\/p>\n","protected":false},"author":2,"featured_media":0,"parent":0,"menu_order":0,"comment_status":"closed","ping_status":"closed","template":"","meta":{"ngg_post_thumbnail":0,"footnotes":""},"class_list":["post-1616","page","type-page","status-publish","hentry"],"translation":{"provider":"WPGlobus","version":"3.0.0","language":"gb","enabled_languages":["es","de","fr","ru","it","gb","br"],"languages":{"es":{"title":true,"content":true,"excerpt":false},"de":{"title":true,"content":true,"excerpt":false},"fr":{"title":true,"content":true,"excerpt":false},"ru":{"title":true,"content":true,"excerpt":false},"it":{"title":true,"content":true,"excerpt":false},"gb":{"title":true,"content":true,"excerpt":false},"br":{"title":true,"content":true,"excerpt":false}}},"_links":{"self":[{"href":"https:\/\/www.beltex.com.ar\/gb\/wp-json\/wp\/v2\/pages\/1616","targetHints":{"allow":["GET"]}}],"collection":[{"href":"https:\/\/www.beltex.com.ar\/gb\/wp-json\/wp\/v2\/pages"}],"about":[{"href":"https:\/\/www.beltex.com.ar\/gb\/wp-json\/wp\/v2\/types\/page"}],"author":[{"embeddable":true,"href":"https:\/\/www.beltex.com.ar\/gb\/wp-json\/wp\/v2\/users\/2"}],"replies":[{"embeddable":true,"href":"https:\/\/www.beltex.com.ar\/gb\/wp-json\/wp\/v2\/comments?post=1616"}],"version-history":[{"count":21,"href":"https:\/\/www.beltex.com.ar\/gb\/wp-json\/wp\/v2\/pages\/1616\/revisions"}],"predecessor-version":[{"id":5452,"href":"https:\/\/www.beltex.com.ar\/gb\/wp-json\/wp\/v2\/pages\/1616\/revisions\/5452"}],"wp:attachment":[{"href":"https:\/\/www.beltex.com.ar\/gb\/wp-json\/wp\/v2\/media?parent=1616"}],"curies":[{"name":"wp","href":"https:\/\/api.w.org\/{rel}","templated":true}]}}