{"id":1616,"date":"2014-03-27T16:43:29","date_gmt":"2014-03-27T16:43:29","guid":{"rendered":"http:\/\/www.beltex.com.ar\/?page_id=1616"},"modified":"2021-06-13T14:12:18","modified_gmt":"2021-06-13T14:12:18","slug":"empresa","status":"publish","type":"page","link":"https:\/\/www.beltex.com.ar\/it\/empresa\/","title":{"rendered":"La ditta"},"content":{"rendered":"\n<p>Nata come fabbrica tessile e fondata dal sig. Giacomo ( Santiago ) E. Ingratta nell\u00e1nno 1948, Beltex ha orientado la produzione del primi telal verso l\u00b4industria Della moda e gli accessori tessuti.<br>Con l\u00b4andare del tempo ha incorporato i suoi orizzonti e si \u00e8 concentrata anche nella produzione ed esportazione di prodotti Tassili peri l comfort di passeggeri delle aerolinee, quali coperte da viaggio, stoffe ignifughe per sedili di aerei e appoggiateste, adeguandosi alle norme e regolamenti Della FAA.<br>Il disegno, sviluppo e produzione di coperte da viaggio fatti da Beltex sono stati accolti favorevolmente nel mercato internazionale e la ditta \u00e8 diventata fornitrice di importanti aerolinee, tra cui: RIO SUL, PLUNA, VARIG, NORDESTE, TAM, TRANSBRASIL, LLOYD, A\u00c9REO BOLIVIANO, LAPA, DINAR, AEROMAR, AVIACSA e AEROL\u00cdNEAS ARGENTINAS, AEROLINEAS DEL SUR.<br>Tutti i modelli fabbricati da Beltex rispondono alla normativa 25853b Della FAA: sono elaborati 100% in fibra acrilica ignifuga o con lana patagonica con processo ignifugo e si consegnani con i logotipi stampati o ricamati.<\/p>\n","protected":false},"excerpt":{"rendered":"<p>Nata come fabbrica tessile e fondata dal sig. Giacomo ( Santiago ) E. Ingratta nell\u00e1nno 1948, Beltex ha orientado la produzione del primi telal verso &hellip; <\/p>\n","protected":false},"author":2,"featured_media":0,"parent":0,"menu_order":0,"comment_status":"closed","ping_status":"closed","template":"","meta":{"ngg_post_thumbnail":0,"footnotes":""},"class_list":["post-1616","page","type-page","status-publish","hentry"],"translation":{"provider":"WPGlobus","version":"3.0.0","language":"it","enabled_languages":["es","de","fr","ru","it","gb","br"],"languages":{"es":{"title":true,"content":true,"excerpt":false},"de":{"title":true,"content":true,"excerpt":false},"fr":{"title":true,"content":true,"excerpt":false},"ru":{"title":true,"content":true,"excerpt":false},"it":{"title":true,"content":true,"excerpt":false},"gb":{"title":true,"content":true,"excerpt":false},"br":{"title":true,"content":true,"excerpt":false}}},"_links":{"self":[{"href":"https:\/\/www.beltex.com.ar\/it\/wp-json\/wp\/v2\/pages\/1616","targetHints":{"allow":["GET"]}}],"collection":[{"href":"https:\/\/www.beltex.com.ar\/it\/wp-json\/wp\/v2\/pages"}],"about":[{"href":"https:\/\/www.beltex.com.ar\/it\/wp-json\/wp\/v2\/types\/page"}],"author":[{"embeddable":true,"href":"https:\/\/www.beltex.com.ar\/it\/wp-json\/wp\/v2\/users\/2"}],"replies":[{"embeddable":true,"href":"https:\/\/www.beltex.com.ar\/it\/wp-json\/wp\/v2\/comments?post=1616"}],"version-history":[{"count":21,"href":"https:\/\/www.beltex.com.ar\/it\/wp-json\/wp\/v2\/pages\/1616\/revisions"}],"predecessor-version":[{"id":5452,"href":"https:\/\/www.beltex.com.ar\/it\/wp-json\/wp\/v2\/pages\/1616\/revisions\/5452"}],"wp:attachment":[{"href":"https:\/\/www.beltex.com.ar\/it\/wp-json\/wp\/v2\/media?parent=1616"}],"curies":[{"name":"wp","href":"https:\/\/api.w.org\/{rel}","templated":true}]}}